{"id":2273,"date":"2018-07-27T04:17:30","date_gmt":"2018-07-27T04:17:30","guid":{"rendered":"http:\/\/temp.studiowizjo.pl\/sklep.studiowizjo.pl\/?page_id=2273"},"modified":"2019-09-19T12:59:30","modified_gmt":"2019-09-19T10:59:30","slug":"juz-wkrotce","status":"publish","type":"page","link":"https:\/\/temp.studiowizjo.pl\/sklep.studiowizjo.pl\/juz-wkrotce\/","title":{"rendered":"Ju\u017c wkr\u00f3tce"},"content":{"rendered":"\t\t<div data-elementor-type=\"wp-page\" data-elementor-id=\"2273\" class=\"elementor elementor-2273\" data-elementor-post-type=\"page\">\n\t\t\t\t\t\t<section class=\"elementor-section elementor-top-section elementor-element elementor-element-b4a20a2 elementor-section-full_width elementor-section-stretched elementor-section-height-full elementor-section-items-top elementor-section-height-default\" data-id=\"b4a20a2\" data-element_type=\"section\" data-e-type=\"section\" data-settings=\"{&quot;background_background&quot;:&quot;classic&quot;,&quot;stretch_section&quot;:&quot;section-stretched&quot;}\">\n\t\t\t\t\t\t<div class=\"elementor-container elementor-column-gap-default\">\n\t\t\t\t\t<div class=\"elementor-column elementor-col-100 elementor-top-column elementor-element elementor-element-f06c0b0\" data-id=\"f06c0b0\" data-element_type=\"column\" data-e-type=\"column\">\n\t\t\t<div class=\"elementor-widget-wrap elementor-element-populated\">\n\t\t\t\t\t\t<div class=\"elementor-element elementor-element-9649019 elementor-widget elementor-widget-zoa-countdown\" data-id=\"9649019\" data-element_type=\"widget\" data-e-type=\"widget\" data-widget_type=\"zoa-countdown.default\">\n\t\t\t\t<div class=\"elementor-widget-container\">\n\t\t\t\t\t\t\t<div class=\"zoa-countdown-wrapper\" data-date=\"10\/20\/2020\">\n\t\t\t<div class=\"zoa-countdown-item\">\n\t\t\t\t<span id=\"days-69f2305043885\" class=\"zoa-countdown-digit zoa-count\"><\/span>\n\t\t\t\t<span class=\"zoa-countdown-label\">Dni<\/span>\n\t\t\t<\/div>\n\n\t\t\t<div class=\"zoa-countdown-item\">\n\t\t\t\t<span id=\"hours-69f230504388b\" class=\"zoa-countdown-digit\"><\/span>\n\t\t\t\t<span class=\"zoa-countdown-label\">Godziny<\/span>\n\t\t\t<\/div>\n\n\t\t\t<div class=\"zoa-countdown-item\">\n\t\t\t\t<span id=\"minutes-69f230504388e\" class=\"zoa-countdown-digit\"><\/span>\n\t\t\t\t<span class=\"zoa-countdown-label\">Minuty<\/span>\n\t\t\t<\/div>\n\n\t\t\t<div class=\"zoa-countdown-item\">\n\t\t\t\t<span id=\"seconds-69f2305043892\" class=\"zoa-countdown-digit\"><\/span>\n\t\t\t\t<span class=\"zoa-countdown-label\">Sekundy<\/span>\n\t\t\t<\/div>\n\t\t<\/div>\n\t\t\t\t\t\t<\/div>\n\t\t\t\t<\/div>\n\t\t\t\t<div class=\"elementor-element elementor-element-aae5b91 elementor-widget elementor-widget-spacer\" data-id=\"aae5b91\" data-element_type=\"widget\" data-e-type=\"widget\" data-widget_type=\"spacer.default\">\n\t\t\t\t<div class=\"elementor-widget-container\">\n\t\t\t\t\t\t\t<div class=\"elementor-spacer\">\n\t\t\t<div class=\"elementor-spacer-inner\"><\/div>\n\t\t<\/div>\n\t\t\t\t\t\t<\/div>\n\t\t\t\t<\/div>\n\t\t\t\t<div class=\"elementor-element elementor-element-9ddc20c elementor-widget elementor-widget-heading\" data-id=\"9ddc20c\" data-element_type=\"widget\" data-e-type=\"widget\" data-widget_type=\"heading.default\">\n\t\t\t\t<div class=\"elementor-widget-container\">\n\t\t\t\t\t<h3 class=\"elementor-heading-title elementor-size-default\">Trzymaj si\u0119 mocno!<\/h3>\t\t\t\t<\/div>\n\t\t\t\t<\/div>\n\t\t\t\t<div class=\"elementor-element elementor-element-0e66ca1 elementor-widget elementor-widget-heading\" data-id=\"0e66ca1\" data-element_type=\"widget\" data-e-type=\"widget\" data-widget_type=\"heading.default\">\n\t\t\t\t<div class=\"elementor-widget-container\">\n\t\t\t\t\t<h3 class=\"elementor-heading-title elementor-size-default\">Ju\u017c niebawem ruszamy z...<\/h3>\t\t\t\t<\/div>\n\t\t\t\t<\/div>\n\t\t\t\t<section class=\"elementor-section elementor-inner-section elementor-element elementor-element-5ea727f elementor-section-boxed elementor-section-height-default elementor-section-height-default\" data-id=\"5ea727f\" data-element_type=\"section\" data-e-type=\"section\">\n\t\t\t\t\t\t<div class=\"elementor-container elementor-column-gap-default\">\n\t\t\t\t\t<div class=\"elementor-column elementor-col-50 elementor-inner-column elementor-element elementor-element-cd149e1\" data-id=\"cd149e1\" data-element_type=\"column\" data-e-type=\"column\">\n\t\t\t<div class=\"elementor-widget-wrap elementor-element-populated\">\n\t\t\t\t\t\t<div class=\"elementor-element elementor-element-0888e09 elementor-widget elementor-widget-heading\" data-id=\"0888e09\" data-element_type=\"widget\" data-e-type=\"widget\" data-widget_type=\"heading.default\">\n\t\t\t\t<div class=\"elementor-widget-container\">\n\t\t\t\t\t<h2 class=\"elementor-heading-title elementor-size-default\">\u2265 pozosta\u0144my w kontakcie<\/h2>\t\t\t\t<\/div>\n\t\t\t\t<\/div>\n\t\t\t\t<div class=\"elementor-element elementor-element-614f373 elementor-widget elementor-widget-text-editor\" data-id=\"614f373\" data-element_type=\"widget\" data-e-type=\"widget\" data-widget_type=\"text-editor.default\">\n\t\t\t\t<div class=\"elementor-widget-container\">\n\t\t\t\t\t\t\t\t\t<p>Zapisz si\u0119 aby otrzymywa\u0107 powiadomienia o nowo\u015bciach i promocjach<\/p>\t\t\t\t\t\t\t\t<\/div>\n\t\t\t\t<\/div>\n\t\t\t\t\t<\/div>\n\t\t<\/div>\n\t\t\t\t<div class=\"elementor-column elementor-col-50 elementor-inner-column elementor-element elementor-element-4b71d04\" data-id=\"4b71d04\" data-element_type=\"column\" data-e-type=\"column\">\n\t\t\t<div class=\"elementor-widget-wrap elementor-element-populated\">\n\t\t\t\t\t\t<div class=\"elementor-element elementor-element-9769ad8 elementor-widget elementor-widget-shortcode\" data-id=\"9769ad8\" data-element_type=\"widget\" data-e-type=\"widget\" data-widget_type=\"shortcode.default\">\n\t\t\t\t<div class=\"elementor-widget-container\">\n\t\t\t\t\t\t\t<div class=\"elementor-shortcode\">\n<div class=\"wpcf7 no-js\" id=\"wpcf7-f46-o1\" lang=\"en-US\" dir=\"ltr\" data-wpcf7-id=\"46\">\n<div class=\"screen-reader-response\"><p role=\"status\" aria-live=\"polite\" aria-atomic=\"true\"><\/p> <ul><\/ul><\/div>\n<form action=\"\/sklep.studiowizjo.pl\/wp-json\/wp\/v2\/pages\/2273#wpcf7-f46-o1\" method=\"post\" class=\"wpcf7-form init\" aria-label=\"Contact form\" novalidate=\"novalidate\" data-status=\"init\">\n<fieldset class=\"hidden-fields-container\"><input type=\"hidden\" name=\"_wpcf7\" value=\"46\" \/><input type=\"hidden\" name=\"_wpcf7_version\" value=\"6.1.5\" \/><input type=\"hidden\" name=\"_wpcf7_locale\" value=\"en_US\" \/><input type=\"hidden\" name=\"_wpcf7_unit_tag\" value=\"wpcf7-f46-o1\" \/><input type=\"hidden\" name=\"_wpcf7_container_post\" value=\"0\" \/><input type=\"hidden\" name=\"_wpcf7_posted_data_hash\" value=\"\" \/>\n<\/fieldset>\n<div class=\"ht-ctf7 ctf-deco1\">\n\t<p><span class=\"wpcf7-form-control-wrap\" data-name=\"your-email-deco1\"><input size=\"40\" maxlength=\"400\" class=\"wpcf7-form-control wpcf7-email wpcf7-validates-as-required wpcf7-text wpcf7-validates-as-email\" aria-required=\"true\" aria-invalid=\"false\" placeholder=\"Podaj sw\u00f3j e-mail...\" value=\"\" type=\"email\" name=\"your-email-deco1\" \/><\/span><input class=\"wpcf7-form-control wpcf7-submit has-spinner\" type=\"submit\" value=\"Zapisz mnie\" \/>\n\t<\/p>\n<\/div><div class=\"wpcf7-response-output\" aria-hidden=\"true\"><\/div>\n<\/form>\n<\/div>\n<\/div>\n\t\t\t\t\t\t<\/div>\n\t\t\t\t<\/div>\n\t\t\t\t\t<\/div>\n\t\t<\/div>\n\t\t\t\t\t<\/div>\n\t\t<\/section>\n\t\t\t\t<section class=\"elementor-section elementor-inner-section elementor-element elementor-element-35bd771 elementor-section-boxed elementor-section-height-default elementor-section-height-default\" data-id=\"35bd771\" data-element_type=\"section\" data-e-type=\"section\">\n\t\t\t\t\t\t<div class=\"elementor-container elementor-column-gap-default\">\n\t\t\t\t\t<div class=\"elementor-column elementor-col-100 elementor-inner-column elementor-element elementor-element-8bce8dc\" data-id=\"8bce8dc\" data-element_type=\"column\" data-e-type=\"column\">\n\t\t\t<div class=\"elementor-widget-wrap elementor-element-populated\">\n\t\t\t\t\t\t<div class=\"elementor-element elementor-element-e5d92e0 elementor-icon-list--layout-inline elementor-align-center elementor-list-item-link-full_width elementor-widget elementor-widget-icon-list\" data-id=\"e5d92e0\" data-element_type=\"widget\" data-e-type=\"widget\" data-widget_type=\"icon-list.default\">\n\t\t\t\t<div class=\"elementor-widget-container\">\n\t\t\t\t\t\t\t<ul class=\"elementor-icon-list-items elementor-inline-items\">\n\t\t\t\t\t\t\t<li class=\"elementor-icon-list-item elementor-inline-item\">\n\t\t\t\t\t\t\t\t\t\t\t<a href=\"#\">\n\n\t\t\t\t\t\t\t\t\t\t\t\t<span class=\"elementor-icon-list-icon\">\n\t\t\t\t\t\t\t\t\t\t\t\t\t\t\t\t<i class=\"fa fa-facebook\" aria-hidden=\"true\"><\/i>\n\t\t\t\t\t\t\t\t\t\t\t\t\t<\/span>\n\t\t\t\t\t\t\t\t\t\t<span class=\"elementor-icon-list-text\"><\/span>\n\t\t\t\t\t\t\t\t\t\t\t<\/a>\n\t\t\t\t\t\t\t\t\t<\/li>\n\t\t\t\t\t\t\t\t<li class=\"elementor-icon-list-item elementor-inline-item\">\n\t\t\t\t\t\t\t\t\t\t\t<a href=\"#\">\n\n\t\t\t\t\t\t\t\t\t\t\t\t<span class=\"elementor-icon-list-icon\">\n\t\t\t\t\t\t\t\t\t\t\t\t\t\t\t\t<i class=\"fa fa-twitter\" aria-hidden=\"true\"><\/i>\n\t\t\t\t\t\t\t\t\t\t\t\t\t<\/span>\n\t\t\t\t\t\t\t\t\t\t<span class=\"elementor-icon-list-text\"><\/span>\n\t\t\t\t\t\t\t\t\t\t\t<\/a>\n\t\t\t\t\t\t\t\t\t<\/li>\n\t\t\t\t\t\t\t\t<li class=\"elementor-icon-list-item elementor-inline-item\">\n\t\t\t\t\t\t\t\t\t\t\t<a href=\"#\">\n\n\t\t\t\t\t\t\t\t\t\t\t\t<span class=\"elementor-icon-list-icon\">\n\t\t\t\t\t\t\t\t\t\t\t\t\t\t\t\t<i class=\"fa fa-instagram\" aria-hidden=\"true\"><\/i>\n\t\t\t\t\t\t\t\t\t\t\t\t\t<\/span>\n\t\t\t\t\t\t\t\t\t\t<span class=\"elementor-icon-list-text\"><\/span>\n\t\t\t\t\t\t\t\t\t\t\t<\/a>\n\t\t\t\t\t\t\t\t\t<\/li>\n\t\t\t\t\t\t\t\t<li class=\"elementor-icon-list-item elementor-inline-item\">\n\t\t\t\t\t\t\t\t\t\t\t<a href=\"#\">\n\n\t\t\t\t\t\t\t\t\t\t\t\t<span class=\"elementor-icon-list-icon\">\n\t\t\t\t\t\t\t\t\t\t\t\t\t\t\t\t<i class=\"fa fa-pinterest\" aria-hidden=\"true\"><\/i>\n\t\t\t\t\t\t\t\t\t\t\t\t\t<\/span>\n\t\t\t\t\t\t\t\t\t\t<span class=\"elementor-icon-list-text\"><\/span>\n\t\t\t\t\t\t\t\t\t\t\t<\/a>\n\t\t\t\t\t\t\t\t\t<\/li>\n\t\t\t\t\t\t<\/ul>\n\t\t\t\t\t\t<\/div>\n\t\t\t\t<\/div>\n\t\t\t\t\t<\/div>\n\t\t<\/div>\n\t\t\t\t\t<\/div>\n\t\t<\/section>\n\t\t\t\t\t<\/div>\n\t\t<\/div>\n\t\t\t\t\t<\/div>\n\t\t<\/section>\n\t\t\t\t<\/div>\n\t\t","protected":false},"excerpt":{"rendered":"<p>Dni Godziny Minuty Sekundy Trzymaj si\u0119 mocno! Ju\u017c niebawem ruszamy z&#8230; \u2265 pozosta\u0144my w kontakcie Zapisz si\u0119 aby otrzymywa\u0107 powiadomienia o nowo\u015bciach i promocjach<\/p>\n","protected":false},"author":1,"featured_media":0,"parent":0,"menu_order":0,"comment_status":"closed","ping_status":"closed","template":"elementor_canvas","meta":{"footnotes":""},"class_list":["post-2273","page","type-page","status-publish","hentry"],"yoast_head":"<!-- This site is optimized with the Yoast SEO plugin v27.5 - https:\/\/yoast.com\/product\/yoast-seo-wordpress\/ -->\n<title>Ju\u017c wkr\u00f3tce - Sklep<\/title>\n<meta name=\"robots\" content=\"noindex, follow, max-snippet:-1, max-image-preview:large, max-video-preview:-1\" \/>\n<meta property=\"og:locale\" content=\"pl_PL\" \/>\n<meta property=\"og:type\" content=\"article\" \/>\n<meta property=\"og:title\" content=\"Ju\u017c wkr\u00f3tce - Sklep\" \/>\n<meta property=\"og:description\" content=\"Dni Godziny Minuty Sekundy Trzymaj si\u0119 mocno! Ju\u017c niebawem ruszamy z&#8230; \u2265 pozosta\u0144my w kontakcie Zapisz si\u0119 aby otrzymywa\u0107 powiadomienia o nowo\u015bciach i promocjach\" \/>\n<meta property=\"og:url\" content=\"https:\/\/temp.studiowizjo.pl\/sklep.studiowizjo.pl\/juz-wkrotce\/\" \/>\n<meta property=\"og:site_name\" content=\"Sklep\" \/>\n<meta property=\"article:modified_time\" content=\"2019-09-19T10:59:30+00:00\" \/>\n<meta name=\"twitter:card\" content=\"summary_large_image\" \/>\n<script type=\"application\/ld+json\" class=\"yoast-schema-graph\">{\"@context\":\"https:\\\/\\\/schema.org\",\"@graph\":[{\"@type\":\"WebPage\",\"@id\":\"https:\\\/\\\/temp.studiowizjo.pl\\\/sklep.studiowizjo.pl\\\/juz-wkrotce\\\/\",\"url\":\"https:\\\/\\\/temp.studiowizjo.pl\\\/sklep.studiowizjo.pl\\\/juz-wkrotce\\\/\",\"name\":\"Ju\u017c wkr\u00f3tce - Sklep\",\"isPartOf\":{\"@id\":\"https:\\\/\\\/temp.studiowizjo.pl\\\/sklep.studiowizjo.pl\\\/#website\"},\"datePublished\":\"2018-07-27T04:17:30+00:00\",\"dateModified\":\"2019-09-19T10:59:30+00:00\",\"breadcrumb\":{\"@id\":\"https:\\\/\\\/temp.studiowizjo.pl\\\/sklep.studiowizjo.pl\\\/juz-wkrotce\\\/#breadcrumb\"},\"inLanguage\":\"pl-PL\",\"potentialAction\":[{\"@type\":\"ReadAction\",\"target\":[\"https:\\\/\\\/temp.studiowizjo.pl\\\/sklep.studiowizjo.pl\\\/juz-wkrotce\\\/\"]}]},{\"@type\":\"BreadcrumbList\",\"@id\":\"https:\\\/\\\/temp.studiowizjo.pl\\\/sklep.studiowizjo.pl\\\/juz-wkrotce\\\/#breadcrumb\",\"itemListElement\":[{\"@type\":\"ListItem\",\"position\":1,\"name\":\"Strona g\u0142\u00f3wna\",\"item\":\"https:\\\/\\\/temp.studiowizjo.pl\\\/sklep.studiowizjo.pl\\\/\"},{\"@type\":\"ListItem\",\"position\":2,\"name\":\"Ju\u017c wkr\u00f3tce\"}]},{\"@type\":\"WebSite\",\"@id\":\"https:\\\/\\\/temp.studiowizjo.pl\\\/sklep.studiowizjo.pl\\\/#website\",\"url\":\"https:\\\/\\\/temp.studiowizjo.pl\\\/sklep.studiowizjo.pl\\\/\",\"name\":\"Sklep\",\"description\":\"Demo sklepu\",\"potentialAction\":[{\"@type\":\"SearchAction\",\"target\":{\"@type\":\"EntryPoint\",\"urlTemplate\":\"https:\\\/\\\/temp.studiowizjo.pl\\\/sklep.studiowizjo.pl\\\/?s={search_term_string}\"},\"query-input\":{\"@type\":\"PropertyValueSpecification\",\"valueRequired\":true,\"valueName\":\"search_term_string\"}}],\"inLanguage\":\"pl-PL\"}]}<\/script>\n<!-- \/ Yoast SEO plugin. -->","yoast_head_json":{"title":"Ju\u017c wkr\u00f3tce - Sklep","robots":{"index":"noindex","follow":"follow","max-snippet":"max-snippet:-1","max-image-preview":"max-image-preview:large","max-video-preview":"max-video-preview:-1"},"og_locale":"pl_PL","og_type":"article","og_title":"Ju\u017c wkr\u00f3tce - Sklep","og_description":"Dni Godziny Minuty Sekundy Trzymaj si\u0119 mocno! Ju\u017c niebawem ruszamy z&#8230; \u2265 pozosta\u0144my w kontakcie Zapisz si\u0119 aby otrzymywa\u0107 powiadomienia o nowo\u015bciach i promocjach","og_url":"https:\/\/temp.studiowizjo.pl\/sklep.studiowizjo.pl\/juz-wkrotce\/","og_site_name":"Sklep","article_modified_time":"2019-09-19T10:59:30+00:00","twitter_card":"summary_large_image","schema":{"@context":"https:\/\/schema.org","@graph":[{"@type":"WebPage","@id":"https:\/\/temp.studiowizjo.pl\/sklep.studiowizjo.pl\/juz-wkrotce\/","url":"https:\/\/temp.studiowizjo.pl\/sklep.studiowizjo.pl\/juz-wkrotce\/","name":"Ju\u017c wkr\u00f3tce - Sklep","isPartOf":{"@id":"https:\/\/temp.studiowizjo.pl\/sklep.studiowizjo.pl\/#website"},"datePublished":"2018-07-27T04:17:30+00:00","dateModified":"2019-09-19T10:59:30+00:00","breadcrumb":{"@id":"https:\/\/temp.studiowizjo.pl\/sklep.studiowizjo.pl\/juz-wkrotce\/#breadcrumb"},"inLanguage":"pl-PL","potentialAction":[{"@type":"ReadAction","target":["https:\/\/temp.studiowizjo.pl\/sklep.studiowizjo.pl\/juz-wkrotce\/"]}]},{"@type":"BreadcrumbList","@id":"https:\/\/temp.studiowizjo.pl\/sklep.studiowizjo.pl\/juz-wkrotce\/#breadcrumb","itemListElement":[{"@type":"ListItem","position":1,"name":"Strona g\u0142\u00f3wna","item":"https:\/\/temp.studiowizjo.pl\/sklep.studiowizjo.pl\/"},{"@type":"ListItem","position":2,"name":"Ju\u017c wkr\u00f3tce"}]},{"@type":"WebSite","@id":"https:\/\/temp.studiowizjo.pl\/sklep.studiowizjo.pl\/#website","url":"https:\/\/temp.studiowizjo.pl\/sklep.studiowizjo.pl\/","name":"Sklep","description":"Demo sklepu","potentialAction":[{"@type":"SearchAction","target":{"@type":"EntryPoint","urlTemplate":"https:\/\/temp.studiowizjo.pl\/sklep.studiowizjo.pl\/?s={search_term_string}"},"query-input":{"@type":"PropertyValueSpecification","valueRequired":true,"valueName":"search_term_string"}}],"inLanguage":"pl-PL"}]}},"_links":{"self":[{"href":"https:\/\/temp.studiowizjo.pl\/sklep.studiowizjo.pl\/wp-json\/wp\/v2\/pages\/2273","targetHints":{"allow":["GET"]}}],"collection":[{"href":"https:\/\/temp.studiowizjo.pl\/sklep.studiowizjo.pl\/wp-json\/wp\/v2\/pages"}],"about":[{"href":"https:\/\/temp.studiowizjo.pl\/sklep.studiowizjo.pl\/wp-json\/wp\/v2\/types\/page"}],"author":[{"embeddable":true,"href":"https:\/\/temp.studiowizjo.pl\/sklep.studiowizjo.pl\/wp-json\/wp\/v2\/users\/1"}],"replies":[{"embeddable":true,"href":"https:\/\/temp.studiowizjo.pl\/sklep.studiowizjo.pl\/wp-json\/wp\/v2\/comments?post=2273"}],"version-history":[{"count":11,"href":"https:\/\/temp.studiowizjo.pl\/sklep.studiowizjo.pl\/wp-json\/wp\/v2\/pages\/2273\/revisions"}],"predecessor-version":[{"id":3480,"href":"https:\/\/temp.studiowizjo.pl\/sklep.studiowizjo.pl\/wp-json\/wp\/v2\/pages\/2273\/revisions\/3480"}],"wp:attachment":[{"href":"https:\/\/temp.studiowizjo.pl\/sklep.studiowizjo.pl\/wp-json\/wp\/v2\/media?parent=2273"}],"curies":[{"name":"wp","href":"https:\/\/api.w.org\/{rel}","templated":true}]}}