{"id":3302,"date":"2019-09-09T14:16:08","date_gmt":"2019-09-09T12:16:08","guid":{"rendered":"http:\/\/temp.studiowizjo.pl\/sklep.studiowizjo.pl\/?page_id=3302"},"modified":"2023-02-04T10:46:32","modified_gmt":"2023-02-04T09:46:32","slug":"polityka-prywatnosci","status":"publish","type":"page","link":"https:\/\/temp.studiowizjo.pl\/sklep.studiowizjo.pl\/polityka-prywatnosci\/","title":{"rendered":"Polityka prywatno\u015bci"},"content":{"rendered":"<ol>\n<li>Administratorem danych osobowych jest Firma Wizjo, z siedzib\u0105 w Bielawie, przy ulicy 1 Maja 34.<\/li>\n<li>Firma Wizjo przetwarza dane osobowe w celu \u015bwiadczenia us\u0142ug drog\u0105 elektroniczn\u0105 oraz w celach marketingowych.<\/li>\n<li>Firma Wizjo zbiera wy\u0142\u0105cznie te dane osobowe, kt\u00f3re s\u0105 niezb\u0119dne do realizacji zam\u00f3wienia oraz do cel\u00f3w marketingowych, tj.: imi\u0119 i nazwisko, adres e-mail, adres dostawy, numer telefonu, dane do rachunku<\/li>\n<li>Firma Wizjo zapewnia odpowiednie \u015brodki bezpiecze\u0144stwa danych osobowych, w tym zabezpieczenie przed ich udost\u0119pnieniem osobom nieupowa\u017cnionym.<\/li>\n<li>Dane osobowe Klient\u00f3w przetwarzane s\u0105 wy\u0142\u0105cznie w celach okre\u015blonych w Polityce Prywatno\u015bci i nie b\u0119d\u0105 udost\u0119pniane innym podmiotom, z wyj\u0105tkiem podmiot\u00f3w wsp\u00f3\u0142pracuj\u0105cych z Firm\u0105 Wizjo w celu realizacji zam\u00f3wienia.<\/li>\n<li>Klient ma prawo do wgl\u0105du do swoich danych osobowych, ich poprawiania oraz \u017c\u0105dania usuni\u0119cia.<\/li>\n<li>W razie jakichkolwiek pyta\u0144 dotycz\u0105cych przetwarzania danych osobowych Klient mo\u017ce skontaktowa\u0107 si\u0119 z Administratorem poprzez adres e-mail: [adres e-mail].<\/li>\n<li>Niniejsza Polityka Prywatno\u015bci obowi\u0105zuje od 04.02.2023r.. W przypadku wprowadzenia zmian w Polityce Prywatno\u015bci, informacja o tym zostanie opublikowana na stronie internetowej Sklepu Internetowego Wizjo.<\/li>\n<\/ol>\n","protected":false},"excerpt":{"rendered":"<p>Administratorem danych osobowych jest Firma Wizjo, z siedzib\u0105 w Bielawie, przy ulicy 1 Maja 34. Firma Wizjo przetwarza dane osobowe w celu \u015bwiadczenia us\u0142ug drog\u0105 elektroniczn\u0105 oraz w celach marketingowych. Firma Wizjo zbiera wy\u0142\u0105cznie te dane osobowe, kt\u00f3re s\u0105 niezb\u0119dne do realizacji zam\u00f3wienia oraz do cel\u00f3w marketingowych, tj.: imi\u0119 i nazwisko, adres e-mail, adres dostawy,&#8230;<\/p>\n","protected":false},"author":1,"featured_media":0,"parent":0,"menu_order":0,"comment_status":"closed","ping_status":"closed","template":"","meta":{"footnotes":""},"class_list":["post-3302","page","type-page","status-publish","hentry"],"yoast_head":"<!-- This site is optimized with the Yoast SEO plugin v27.5 - https:\/\/yoast.com\/product\/yoast-seo-wordpress\/ -->\n<title>Polityka prywatno\u015bci - Sklep<\/title>\n<meta name=\"robots\" content=\"noindex, follow, max-snippet:-1, max-image-preview:large, max-video-preview:-1\" \/>\n<meta property=\"og:locale\" content=\"pl_PL\" \/>\n<meta property=\"og:type\" content=\"article\" \/>\n<meta property=\"og:title\" content=\"Polityka prywatno\u015bci - Sklep\" \/>\n<meta property=\"og:description\" content=\"Administratorem danych osobowych jest Firma Wizjo, z siedzib\u0105 w Bielawie, przy ulicy 1 Maja 34. Firma Wizjo przetwarza dane osobowe w celu \u015bwiadczenia us\u0142ug drog\u0105 elektroniczn\u0105 oraz w celach marketingowych. Firma Wizjo zbiera wy\u0142\u0105cznie te dane osobowe, kt\u00f3re s\u0105 niezb\u0119dne do realizacji zam\u00f3wienia oraz do cel\u00f3w marketingowych, tj.: imi\u0119 i nazwisko, adres e-mail, adres dostawy,...\" \/>\n<meta property=\"og:url\" content=\"https:\/\/temp.studiowizjo.pl\/sklep.studiowizjo.pl\/polityka-prywatnosci\/\" \/>\n<meta property=\"og:site_name\" content=\"Sklep\" \/>\n<meta property=\"article:modified_time\" content=\"2023-02-04T09:46:32+00:00\" \/>\n<meta name=\"twitter:card\" content=\"summary_large_image\" \/>\n<meta name=\"twitter:label1\" content=\"Szacowany czas czytania\" \/>\n\t<meta name=\"twitter:data1\" content=\"1 minuta\" \/>\n<script type=\"application\/ld+json\" class=\"yoast-schema-graph\">{\"@context\":\"https:\\\/\\\/schema.org\",\"@graph\":[{\"@type\":\"WebPage\",\"@id\":\"https:\\\/\\\/temp.studiowizjo.pl\\\/sklep.studiowizjo.pl\\\/polityka-prywatnosci\\\/\",\"url\":\"https:\\\/\\\/temp.studiowizjo.pl\\\/sklep.studiowizjo.pl\\\/polityka-prywatnosci\\\/\",\"name\":\"Polityka prywatno\u015bci - Sklep\",\"isPartOf\":{\"@id\":\"https:\\\/\\\/temp.studiowizjo.pl\\\/sklep.studiowizjo.pl\\\/#website\"},\"datePublished\":\"2019-09-09T12:16:08+00:00\",\"dateModified\":\"2023-02-04T09:46:32+00:00\",\"breadcrumb\":{\"@id\":\"https:\\\/\\\/temp.studiowizjo.pl\\\/sklep.studiowizjo.pl\\\/polityka-prywatnosci\\\/#breadcrumb\"},\"inLanguage\":\"pl-PL\",\"potentialAction\":[{\"@type\":\"ReadAction\",\"target\":[\"https:\\\/\\\/temp.studiowizjo.pl\\\/sklep.studiowizjo.pl\\\/polityka-prywatnosci\\\/\"]}]},{\"@type\":\"BreadcrumbList\",\"@id\":\"https:\\\/\\\/temp.studiowizjo.pl\\\/sklep.studiowizjo.pl\\\/polityka-prywatnosci\\\/#breadcrumb\",\"itemListElement\":[{\"@type\":\"ListItem\",\"position\":1,\"name\":\"Strona g\u0142\u00f3wna\",\"item\":\"https:\\\/\\\/temp.studiowizjo.pl\\\/sklep.studiowizjo.pl\\\/\"},{\"@type\":\"ListItem\",\"position\":2,\"name\":\"Polityka prywatno\u015bci\"}]},{\"@type\":\"WebSite\",\"@id\":\"https:\\\/\\\/temp.studiowizjo.pl\\\/sklep.studiowizjo.pl\\\/#website\",\"url\":\"https:\\\/\\\/temp.studiowizjo.pl\\\/sklep.studiowizjo.pl\\\/\",\"name\":\"Sklep\",\"description\":\"Demo sklepu\",\"potentialAction\":[{\"@type\":\"SearchAction\",\"target\":{\"@type\":\"EntryPoint\",\"urlTemplate\":\"https:\\\/\\\/temp.studiowizjo.pl\\\/sklep.studiowizjo.pl\\\/?s={search_term_string}\"},\"query-input\":{\"@type\":\"PropertyValueSpecification\",\"valueRequired\":true,\"valueName\":\"search_term_string\"}}],\"inLanguage\":\"pl-PL\"}]}<\/script>\n<!-- \/ Yoast SEO plugin. -->","yoast_head_json":{"title":"Polityka prywatno\u015bci - Sklep","robots":{"index":"noindex","follow":"follow","max-snippet":"max-snippet:-1","max-image-preview":"max-image-preview:large","max-video-preview":"max-video-preview:-1"},"og_locale":"pl_PL","og_type":"article","og_title":"Polityka prywatno\u015bci - Sklep","og_description":"Administratorem danych osobowych jest Firma Wizjo, z siedzib\u0105 w Bielawie, przy ulicy 1 Maja 34. Firma Wizjo przetwarza dane osobowe w celu \u015bwiadczenia us\u0142ug drog\u0105 elektroniczn\u0105 oraz w celach marketingowych. Firma Wizjo zbiera wy\u0142\u0105cznie te dane osobowe, kt\u00f3re s\u0105 niezb\u0119dne do realizacji zam\u00f3wienia oraz do cel\u00f3w marketingowych, tj.: imi\u0119 i nazwisko, adres e-mail, adres dostawy,...","og_url":"https:\/\/temp.studiowizjo.pl\/sklep.studiowizjo.pl\/polityka-prywatnosci\/","og_site_name":"Sklep","article_modified_time":"2023-02-04T09:46:32+00:00","twitter_card":"summary_large_image","twitter_misc":{"Szacowany czas czytania":"1 minuta"},"schema":{"@context":"https:\/\/schema.org","@graph":[{"@type":"WebPage","@id":"https:\/\/temp.studiowizjo.pl\/sklep.studiowizjo.pl\/polityka-prywatnosci\/","url":"https:\/\/temp.studiowizjo.pl\/sklep.studiowizjo.pl\/polityka-prywatnosci\/","name":"Polityka prywatno\u015bci - Sklep","isPartOf":{"@id":"https:\/\/temp.studiowizjo.pl\/sklep.studiowizjo.pl\/#website"},"datePublished":"2019-09-09T12:16:08+00:00","dateModified":"2023-02-04T09:46:32+00:00","breadcrumb":{"@id":"https:\/\/temp.studiowizjo.pl\/sklep.studiowizjo.pl\/polityka-prywatnosci\/#breadcrumb"},"inLanguage":"pl-PL","potentialAction":[{"@type":"ReadAction","target":["https:\/\/temp.studiowizjo.pl\/sklep.studiowizjo.pl\/polityka-prywatnosci\/"]}]},{"@type":"BreadcrumbList","@id":"https:\/\/temp.studiowizjo.pl\/sklep.studiowizjo.pl\/polityka-prywatnosci\/#breadcrumb","itemListElement":[{"@type":"ListItem","position":1,"name":"Strona g\u0142\u00f3wna","item":"https:\/\/temp.studiowizjo.pl\/sklep.studiowizjo.pl\/"},{"@type":"ListItem","position":2,"name":"Polityka prywatno\u015bci"}]},{"@type":"WebSite","@id":"https:\/\/temp.studiowizjo.pl\/sklep.studiowizjo.pl\/#website","url":"https:\/\/temp.studiowizjo.pl\/sklep.studiowizjo.pl\/","name":"Sklep","description":"Demo sklepu","potentialAction":[{"@type":"SearchAction","target":{"@type":"EntryPoint","urlTemplate":"https:\/\/temp.studiowizjo.pl\/sklep.studiowizjo.pl\/?s={search_term_string}"},"query-input":{"@type":"PropertyValueSpecification","valueRequired":true,"valueName":"search_term_string"}}],"inLanguage":"pl-PL"}]}},"_links":{"self":[{"href":"https:\/\/temp.studiowizjo.pl\/sklep.studiowizjo.pl\/wp-json\/wp\/v2\/pages\/3302","targetHints":{"allow":["GET"]}}],"collection":[{"href":"https:\/\/temp.studiowizjo.pl\/sklep.studiowizjo.pl\/wp-json\/wp\/v2\/pages"}],"about":[{"href":"https:\/\/temp.studiowizjo.pl\/sklep.studiowizjo.pl\/wp-json\/wp\/v2\/types\/page"}],"author":[{"embeddable":true,"href":"https:\/\/temp.studiowizjo.pl\/sklep.studiowizjo.pl\/wp-json\/wp\/v2\/users\/1"}],"replies":[{"embeddable":true,"href":"https:\/\/temp.studiowizjo.pl\/sklep.studiowizjo.pl\/wp-json\/wp\/v2\/comments?post=3302"}],"version-history":[{"count":5,"href":"https:\/\/temp.studiowizjo.pl\/sklep.studiowizjo.pl\/wp-json\/wp\/v2\/pages\/3302\/revisions"}],"predecessor-version":[{"id":3978,"href":"https:\/\/temp.studiowizjo.pl\/sklep.studiowizjo.pl\/wp-json\/wp\/v2\/pages\/3302\/revisions\/3978"}],"wp:attachment":[{"href":"https:\/\/temp.studiowizjo.pl\/sklep.studiowizjo.pl\/wp-json\/wp\/v2\/media?parent=3302"}],"curies":[{"name":"wp","href":"https:\/\/api.w.org\/{rel}","templated":true}]}}